{"id":2497,"date":"2026-02-15T08:43:15","date_gmt":"2026-02-15T07:43:15","guid":{"rendered":"https:\/\/appliedrobotics.tech\/kontakt-oss\/"},"modified":"2026-03-10T11:41:50","modified_gmt":"2026-03-10T10:41:50","slug":"kontakt-oss","status":"publish","type":"page","link":"https:\/\/appliedrobotics.tech\/no\/kontakt-oss\/","title":{"rendered":"Kontakt oss"},"content":{"rendered":"\n<div class=\"wp-block-uagb-container uagb-block-fec67adf alignfull uagb-is-root-container\"><div class=\"uagb-container-inner-blocks-wrap\">\n<div class=\"wp-block-uagb-container uagb-block-4505581a alignfull uagb-is-root-container\"><div class=\"uagb-container-inner-blocks-wrap\">\n<h3 class=\"wp-block-heading has-ast-global-color-3-color has-text-color has-link-color wp-elements-c9f01ae38c4b839e050264687eb3751e\">Applied Robotics AS<\/h3>\n<\/div><\/div>\n\n\n\n<div class=\"wp-block-uagb-container uagb-block-09f2240d alignfull uagb-is-root-container\"><div class=\"uagb-container-inner-blocks-wrap\">\n<div class=\"wp-block-uagb-container uagb-block-8d44c0ee\">\n<h4 class=\"wp-block-heading\">Salg &amp; industrielle prosjekter<\/h4>\n<\/div>\n\n\n\n<div class=\"wp-block-uagb-container uagb-block-921d44da\">\n<style data-wp-block-html=\"css\">\n.icon-headset::before {\n  content: \"\\e822\";\n}\n<\/style>\n\n<div style=\"display: inline-flex\"><svg xmlns=\"http:\/\/www.w3.org\/2000\/svg\" viewbox=\"0 -10 113 125.3\" width=\"20px\" height=\"20px\"><title>Ring oss<\/title><g id=\"Layer_2\" data-name=\"Layer 2\"><g id=\"Layer_1-2\" data-name=\"Layer 1\"><path d=\"M19.1,67.9V43A37.52,37.52,0,0,1,30,16.6,37.3,37.3,0,0,1,93.7,43V67.9A37.52,37.52,0,0,1,82.8,94.3a37.1,37.1,0,0,1-26.4,10.9v5.5A42.89,42.89,0,0,0,99.3,67.8V42.9a42.9,42.9,0,0,0-85.8,0V67.8h5.6Z\" fill=\"#333\"><\/path><path d=\"M24.4,43c-.5,0-1.1-.1-1.6-.1A22.79,22.79,0,0,0,0,65.7v4.2A22.79,22.79,0,0,0,22.8,92.7a8.08,8.08,0,0,0,1.6-.1Z\" fill=\"#333\"><\/path><path d=\"M88.6,43c.5,0,1.1-.1,1.6-.1A22.79,22.79,0,0,1,113,65.7v4.2A22.79,22.79,0,0,1,90.2,92.7a8.08,8.08,0,0,1-1.6-.1Z\" fill=\"#333\"><\/path><path d=\"M69.7,106.6c0,4.3-2.3,7.7-5.2,7.7H51.7c-2.9,0-5.2-3.5-5.2-7.7s2.3-7.7,5.2-7.7H64.5C67.4,98.8,69.7,102.3,69.7,106.6Z\" fill=\"#333\"><\/path><\/g><\/g><\/svg>\n<span style=\"padding-left:10px\">(+47) 40.61.27.35<\/span><\/div>\n\n\n\n<div style=\"display: inline-flex;\"><svg xmlns=\"http:\/\/www.w3.org\/2000\/svg\" viewbox=\"0 -20 132.6 121.6\" width=\"20px\" height=\"20px\"><title>E-post<\/title><g id=\"Layer_2\" data-name=\"Layer 2\"><g id=\"Layer_1-2\" data-name=\"Layer 1\"><path d=\"M9.4,1.4,55.7,53.1a14.06,14.06,0,0,0,20.8,0L122,2.3a6.42,6.42,0,0,1,1.3-1A16.49,16.49,0,0,0,117,0H15.2a15,15,0,0,0-6,1.2C9.2,1.3,9.3,1.3,9.4,1.4Z\" fill=\"#333\"><\/path><path d=\"M130.2,8.1a6,6,0,0,1-.9,1.5L84,60.3a24,24,0,0,1-17.7,7.9,23.63,23.63,0,0,1-17.7-7.9L2.5,8.7c-.1-.1-.2-.2-.2-.3a15.29,15.29,0,0,0-2.3,8V86.2a15.54,15.54,0,0,0,15.7,15.4H116.9a15.6,15.6,0,0,0,15.7-15.4V16.4a15.51,15.51,0,0,0-2.4-8.3\" fill=\"#333\"><\/path><\/g><\/g><\/svg>\n<a class=\"contact-link\" style=\"text-decoration:none;\" href=\"mailto:sales@appliedrobotics.tech\">sales@appliedrobotics.tech<\/a><\/div>\n<\/div>\n<\/div><\/div>\n\n\n\n<div class=\"wp-block-uagb-container uagb-block-df27dfd3 alignfull uagb-is-root-container\"><div class=\"uagb-container-inner-blocks-wrap\">\n<div class=\"wp-block-uagb-container uagb-block-18dd98fa\">\n<h4 class=\"wp-block-heading\">Teknisk st\u00f8tte &amp; vedlikehold<\/h4>\n<\/div>\n\n\n\n<div class=\"wp-block-uagb-container uagb-block-43813efc\">\n<style data-wp-block-html=\"css\">\n.icon-headset::before {\n  content: \"\\e822\";\n}\n<\/style>\n\n<div style=\"display: inline-flex\"><svg xmlns=\"http:\/\/www.w3.org\/2000\/svg\" viewbox=\"0 -10 113 125.3\" width=\"20px\" height=\"20px\"><title>Ring oss<\/title><g id=\"Layer_2\" data-name=\"Layer 2\"><g id=\"Layer_1-2\" data-name=\"Layer 1\"><path d=\"M19.1,67.9V43A37.52,37.52,0,0,1,30,16.6,37.3,37.3,0,0,1,93.7,43V67.9A37.52,37.52,0,0,1,82.8,94.3a37.1,37.1,0,0,1-26.4,10.9v5.5A42.89,42.89,0,0,0,99.3,67.8V42.9a42.9,42.9,0,0,0-85.8,0V67.8h5.6Z\" fill=\"#333\"><\/path><path d=\"M24.4,43c-.5,0-1.1-.1-1.6-.1A22.79,22.79,0,0,0,0,65.7v4.2A22.79,22.79,0,0,0,22.8,92.7a8.08,8.08,0,0,0,1.6-.1Z\" fill=\"#333\"><\/path><path d=\"M88.6,43c.5,0,1.1-.1,1.6-.1A22.79,22.79,0,0,1,113,65.7v4.2A22.79,22.79,0,0,1,90.2,92.7a8.08,8.08,0,0,1-1.6-.1Z\" fill=\"#333\"><\/path><path d=\"M69.7,106.6c0,4.3-2.3,7.7-5.2,7.7H51.7c-2.9,0-5.2-3.5-5.2-7.7s2.3-7.7,5.2-7.7H64.5C67.4,98.8,69.7,102.3,69.7,106.6Z\" fill=\"#333\"><\/path><\/g><\/g><\/svg>\n<span style=\"padding-left:10px\">(+47) 40.61.27.35<\/span><\/div>\n\n\n\n<div style=\"display: inline-flex\"><svg xmlns=\"http:\/\/www.w3.org\/2000\/svg\" viewbox=\"0 -20 132.6 121.6\" width=\"20px\" height=\"20px\"><title>E-post<\/title><g id=\"Layer_2\" data-name=\"Layer 2\"><g id=\"Layer_1-2\" data-name=\"Layer 1\"><path d=\"M9.4,1.4,55.7,53.1a14.06,14.06,0,0,0,20.8,0L122,2.3a6.42,6.42,0,0,1,1.3-1A16.49,16.49,0,0,0,117,0H15.2a15,15,0,0,0-6,1.2C9.2,1.3,9.3,1.3,9.4,1.4Z\" fill=\"#333\"><\/path><path d=\"M130.2,8.1a6,6,0,0,1-.9,1.5L84,60.3a24,24,0,0,1-17.7,7.9,23.63,23.63,0,0,1-17.7-7.9L2.5,8.7c-.1-.1-.2-.2-.2-.3a15.29,15.29,0,0,0-2.3,8V86.2a15.54,15.54,0,0,0,15.7,15.4H116.9a15.6,15.6,0,0,0,15.7-15.4V16.4a15.51,15.51,0,0,0-2.4-8.3\" fill=\"#333\"><\/path><\/g><\/g><\/svg>\n<a class=\"contact-link\" style=\"text-decoration:none;\" href=\"mailto:support@appliedrobotics.tech\">support@appliedrobotics.tech<\/a><\/div>\n<\/div>\n<\/div><\/div>\n<\/div><\/div>\n\n<div class=\"wp-block-uagb-container uagb-block-d781440b alignfull uagb-is-root-container\"><div class=\"uagb-container-inner-blocks-wrap\">\n<div class=\"wp-block-uagb-container uagb-block-fdf91f65 alignfull uagb-is-root-container\"><div class=\"uagb-container-inner-blocks-wrap\">\n<h3 class=\"wp-block-heading has-ast-global-color-4-color has-text-color has-link-color wp-elements-8e0855342b060bed862766c52843e4a9\">IA Technology ApS<\/h3>\n<\/div><\/div>\n\n\n\n<div class=\"wp-block-uagb-container uagb-block-9b30875f alignfull uagb-is-root-container\"><div class=\"uagb-container-inner-blocks-wrap\">\n<div class=\"wp-block-uagb-container uagb-block-5cb6649e\">\n<h4 class=\"wp-block-heading\">Salg &amp; industrielle prosjekter<\/h4>\n<\/div>\n\n\n\n<div class=\"wp-block-uagb-container uagb-block-d9fee517\">\n<style data-wp-block-html=\"css\">\n.icon-headset::before {\n  content: \"\\e822\";\n}\n<\/style>\n\n<div style=\"display: inline-flex\"><svg xmlns=\"http:\/\/www.w3.org\/2000\/svg\" viewbox=\"0 -10 113 125.3\" width=\"20px\" height=\"20px\"><title>Ring oss<\/title><g id=\"Layer_2\" data-name=\"Layer 2\"><g id=\"Layer_1-2\" data-name=\"Layer 1\"><path d=\"M19.1,67.9V43A37.52,37.52,0,0,1,30,16.6,37.3,37.3,0,0,1,93.7,43V67.9A37.52,37.52,0,0,1,82.8,94.3a37.1,37.1,0,0,1-26.4,10.9v5.5A42.89,42.89,0,0,0,99.3,67.8V42.9a42.9,42.9,0,0,0-85.8,0V67.8h5.6Z\" fill=\"#fff\"><\/path><path d=\"M24.4,43c-.5,0-1.1-.1-1.6-.1A22.79,22.79,0,0,0,0,65.7v4.2A22.79,22.79,0,0,0,22.8,92.7a8.08,8.08,0,0,0,1.6-.1Z\" fill=\"#fff\"><\/path><path d=\"M88.6,43c.5,0,1.1-.1,1.6-.1A22.79,22.79,0,0,1,113,65.7v4.2A22.79,22.79,0,0,1,90.2,92.7a8.08,8.08,0,0,1-1.6-.1Z\" fill=\"#fff\"><\/path><path d=\"M69.7,106.6c0,4.3-2.3,7.7-5.2,7.7H51.7c-2.9,0-5.2-3.5-5.2-7.7s2.3-7.7,5.2-7.7H64.5C67.4,98.8,69.7,102.3,69.7,106.6Z\" fill=\"#fff\"><\/path><\/g><\/g><\/svg>\n<span style=\"padding-left:10px; color:#fff\">(+45) 51.40.3333<\/span><\/div>\n\n\n\n<div style=\"display: inline-flex\"><svg xmlns=\"http:\/\/www.w3.org\/2000\/svg\" viewbox=\"0 -20 132.6 121.6\" width=\"20px\" height=\"20px\"><title>E-post<\/title><g id=\"Layer_2\" data-name=\"Layer 2\"><g id=\"Layer_1-2\" data-name=\"Layer 1\"><path d=\"M9.4,1.4,55.7,53.1a14.06,14.06,0,0,0,20.8,0L122,2.3a6.42,6.42,0,0,1,1.3-1A16.49,16.49,0,0,0,117,0H15.2a15,15,0,0,0-6,1.2C9.2,1.3,9.3,1.3,9.4,1.4Z\" fill=\"#fff\"><\/path><path d=\"M130.2,8.1a6,6,0,0,1-.9,1.5L84,60.3a24,24,0,0,1-17.7,7.9,23.63,23.63,0,0,1-17.7-7.9L2.5,8.7c-.1-.1-.2-.2-.2-.3a15.29,15.29,0,0,0-2.3,8V86.2a15.54,15.54,0,0,0,15.7,15.4H116.9a15.6,15.6,0,0,0,15.7-15.4V16.4a15.51,15.51,0,0,0-2.4-8.3\" fill=\"#fff\"><\/path><\/g><\/g><\/svg>\n<a class=\"contact-link2\" style=\"text-decoration:none;\" href=\"mailto:rdx@i-a.dk\">rdx@i-a.dk<\/a><\/div>\n<\/div>\n<\/div><\/div>\n\n\n\n<div class=\"wp-block-uagb-container uagb-block-b3bc796d alignfull uagb-is-root-container\"><div class=\"uagb-container-inner-blocks-wrap\">\n<div class=\"wp-block-uagb-container uagb-block-4371fd9f\">\n<h4 class=\"wp-block-heading\">Teknisk st\u00f8tte &amp; vedlikehold<\/h4>\n<\/div>\n\n\n\n<div class=\"wp-block-uagb-container uagb-block-ccff9d3a\">\n<style data-wp-block-html=\"css\">\n.icon-headset::before {\n  content: \"\\e822\";\n}\n<\/style>\n\n<div style=\"display: inline-flex\"><svg xmlns=\"http:\/\/www.w3.org\/2000\/svg\" viewbox=\"0 -10 113 125.3\" width=\"20px\" height=\"20px\"><title>Ring oss<\/title><g id=\"Layer_2\" data-name=\"Layer 2\"><g id=\"Layer_1-2\" data-name=\"Layer 1\"><path d=\"M19.1,67.9V43A37.52,37.52,0,0,1,30,16.6,37.3,37.3,0,0,1,93.7,43V67.9A37.52,37.52,0,0,1,82.8,94.3a37.1,37.1,0,0,1-26.4,10.9v5.5A42.89,42.89,0,0,0,99.3,67.8V42.9a42.9,42.9,0,0,0-85.8,0V67.8h5.6Z\" fill=\"#fff\"><\/path><path d=\"M24.4,43c-.5,0-1.1-.1-1.6-.1A22.79,22.79,0,0,0,0,65.7v4.2A22.79,22.79,0,0,0,22.8,92.7a8.08,8.08,0,0,0,1.6-.1Z\" fill=\"#fff\"><\/path><path d=\"M88.6,43c.5,0,1.1-.1,1.6-.1A22.79,22.79,0,0,1,113,65.7v4.2A22.79,22.79,0,0,1,90.2,92.7a8.08,8.08,0,0,1-1.6-.1Z\" fill=\"#fff\"><\/path><path d=\"M69.7,106.6c0,4.3-2.3,7.7-5.2,7.7H51.7c-2.9,0-5.2-3.5-5.2-7.7s2.3-7.7,5.2-7.7H64.5C67.4,98.8,69.7,102.3,69.7,106.6Z\" fill=\"#fff\"><\/path><\/g><\/g><\/svg>\n<span style=\"padding-left:10px; color:#fff\">(+45) 20.111.060<\/span><\/div>\n\n\n\n<div style=\"display: inline-flex\"><svg xmlns=\"http:\/\/www.w3.org\/2000\/svg\" viewbox=\"0 -20 132.6 121.6\" width=\"20px\" height=\"20px\"><title>E-post<\/title><g id=\"Layer_2\" data-name=\"Layer 2\"><g id=\"Layer_1-2\" data-name=\"Layer 1\"><path d=\"M9.4,1.4,55.7,53.1a14.06,14.06,0,0,0,20.8,0L122,2.3a6.42,6.42,0,0,1,1.3-1A16.49,16.49,0,0,0,117,0H15.2a15,15,0,0,0-6,1.2C9.2,1.3,9.3,1.3,9.4,1.4Z\" fill=\"#fff\"><\/path><path d=\"M130.2,8.1a6,6,0,0,1-.9,1.5L84,60.3a24,24,0,0,1-17.7,7.9,23.63,23.63,0,0,1-17.7-7.9L2.5,8.7c-.1-.1-.2-.2-.2-.3a15.29,15.29,0,0,0-2.3,8V86.2a15.54,15.54,0,0,0,15.7,15.4H116.9a15.6,15.6,0,0,0,15.7-15.4V16.4a15.51,15.51,0,0,0-2.4-8.3\" fill=\"#fff\"><\/path><\/g><\/g><\/svg>\n<a class=\"contact-link2\" style=\"text-decoration:none;\" href=\"mailto:sbp@i-a.dk\">sbp@i-a.dk<\/a><\/div>\n<\/div>\n<\/div><\/div>\n<\/div><\/div>\n\n<div class=\"wp-block-uagb-container uagb-block-a9430ac9 alignfull uagb-is-root-container\"><div class=\"uagb-container-inner-blocks-wrap\">\n<div class=\"wp-block-uagb-container uagb-block-a0e18789\">\n<div class=\"wp-block-uagb-advanced-heading uagb-block-18995ae6\"><h3 class=\"uagb-heading-text\">Fortell oss om din automatiseringsid\u00e9<\/h3><\/div>\n\n\n\n<p class=\"wp-block-paragraph\">Enten du vurderer et f\u00f8rste pilotprosjekt eller planlegger en fullstendig transformasjon av materialh\u00e5ndtering og flyt, er vi klare til \u00e5 hjelpe deg med \u00e5 kartlegge muligheter, vurdere gjennomf\u00f8rbarhet og definere et tydelig neste steg.<\/p>\n\n\n\n<ul class=\"wp-block-list\">\n<li>Innledende befaring og konseptid\u00e9er<\/li>\n\n\n\n<li>Business case og ROI-estimering<\/li>\n\n\n\n<li>Teknologianbefalinger og veikart<\/li>\n\n\n\n<li>Prosjektplanlegging og implementering<\/li>\n<\/ul>\n\n\n\n<p class=\"wp-block-paragraph\">Applied Robotics AS<br\/>Telefon: (+47) 40 61 27 35<\/p>\n\n\n\n<div class=\"wp-block-essential-blocks-social root-eb-social-links-ow6am\"><div class=\"eb-parent-wrapper eb-parent-eb-social-links-ow6am \"><div class=\"eb-social-links-ow6am eb-social-links-wrapper\"><ul class=\"eb-socials\"><li><a class=\"facebook-f-original \" href=\"https:\/\/www.facebook.com\/profile.php?id=61584225402623\" target=\"_blank\" rel=\"noopener\" aria-label=\"social link\"><i class=\"fab fa-facebook-f hvr-icon eb-social-icon\" icon=\"fab fa-facebook-f\"><\/i><\/a><\/li><li><a class=\"linkedin-original \" href=\"https:\/\/www.linkedin.com\/company\/applied-robotics-as\" target=\"_blank\" rel=\"noopener\" aria-label=\"social link\"><i class=\"fab fa-linkedin hvr-icon eb-social-icon\" icon=\"fab fa-linkedin\"><\/i><\/a><\/li><li><a class=\"telegram-original \" href=\"https:\/\/t.me\/appliedroboticsas\" target=\"_self\" rel=\"noopener\" aria-label=\"social link\"><i class=\"fab fa-telegram hvr-icon eb-social-icon\" icon=\"fab fa-telegram\"><\/i><\/a><\/li><li><a class=\" -original \" href=\"mailto:sales@appliedrobotics.tech\" target=\"_self\" rel=\"noopener\" aria-label=\"social link\"><span class=\"dashicon dashicons dashicons-email-alt hvr-icon eb-social-icon\"><\/span><\/a><\/li><\/ul><\/div><\/div><\/div>\n<\/div>\n\n\n\n<div class=\"wp-block-uagb-container uagb-block-085e5d6e\">\n<div class=\"wp-block-uagb-forms uagb-forms__outer-wrap uagb-block-d8ee1655 uagb-forms__default-btn\" id=\"contact\"><form class=\"uagb-forms-main-form\" method=\"post\" autocomplete=\"on\" name=\"uagb-form-d8ee1655\">\n<div class=\"wp-block-uagb-forms-name uagb-forms-name-wrap uagb-forms-field-set uagb-block-fa9b2dcb\"><div class=\"uagb-forms-name-label required uagb-forms-input-label\" id=\"fa9b2dcb\">Fornavn<\/div><input type=\"text\" placeholder=\"Jens\" required=\"\" class=\"uagb-forms-name-input uagb-forms-input\" name=\"fa9b2dcb\" autocomplete=\"given-name\"><\/div>\n\n\n\n<div class=\"wp-block-uagb-forms-name uagb-forms-name-wrap uagb-forms-field-set uagb-block-85d014c6\"><div class=\"uagb-forms-name-label required uagb-forms-input-label\" id=\"85d014c6\">Etternavn<\/div><input type=\"text\" placeholder=\"Stoltenberg\" required=\"\" class=\"uagb-forms-name-input uagb-forms-input\" name=\"85d014c6\" autocomplete=\"family-name\"><\/div>\n\n\n\n<div class=\"wp-block-uagb-forms-email uagb-forms-email-wrap uagb-forms-field-set uagb-block-805f9bcc\"><div class=\"uagb-forms-email-label uagb-forms-input-label\" id=\"805f9bcc\">E-post<\/div><input type=\"email\" class=\"uagb-forms-email-input uagb-forms-input\" placeholder=\"jens.stoltenberg@mail.com\" name=\"805f9bcc\" autocomplete=\"email\"><\/div>\n\n\n\n<div class=\"wp-block-uagb-forms-textarea uagb-forms-textarea-wrap uagb-forms-field-set uagb-block-da7890f2\"><div class=\"uagb-forms-textarea-label required uagb-forms-input-label\" id=\"da7890f2\">Melding<\/div><textarea required=\"\" class=\"uagb-forms-textarea-input uagb-forms-input\" rows=\"4\" placeholder=\"Skriv inn meldingen Deres\" name=\"da7890f2\" autocomplete=\"off\"><\/textarea><\/div>\n<div class=\"uagb-forms-form-hidden-data\"><input type=\"hidden\" class=\"uagb_forms_form_label\" value=\"Spectra Form\"\/><input type=\"hidden\" class=\"uagb_forms_form_id\" value=\"uagb-form-d8ee1655\"\/><\/div><div class=\"uagb-form-reacaptcha-error-d8ee1655\"><\/div><div class=\"uagb-forms-main-submit-button-wrap wp-block-button\"><button class=\"uagb-forms-main-submit-button wp-block-button__link\"><div class=\"uagb-forms-main-submit-button-text\">Send inn<\/div><\/button><\/div><\/form><div class=\"uagb-forms-success-message-d8ee1655 uagb-forms-submit-message-hide\"><span>The form has been submitted successfully!<\/span><\/div><div class=\"uagb-forms-failed-message-d8ee1655 uagb-forms-submit-message-hide\"><span>There has been some error while submitting the form. Please verify all form fields again.<\/span><\/div><\/div>\n<\/div>\n<\/div><\/div>\n","protected":false},"excerpt":{"rendered":"<p>Applied Robotics AS Salg &amp; industrielle prosjekter Ring oss (+47) 40.61.27.35 E-post sales@appliedrobotics.tech Teknisk st\u00f8tte &amp; vedlikehold Ring oss (+47) [&hellip;]<\/p>\n","protected":false},"author":2,"featured_media":0,"parent":0,"menu_order":0,"comment_status":"closed","ping_status":"closed","template":"","meta":{"_eb_attr":"","_crdt_document":"","_uag_custom_page_level_css":"","site-sidebar-layout":"default","site-content-layout":"","ast-site-content-layout":"default","site-content-style":"default","site-sidebar-style":"default","ast-global-header-display":"","ast-banner-title-visibility":"","ast-main-header-display":"","ast-hfb-above-header-display":"","ast-hfb-below-header-display":"","ast-hfb-mobile-header-display":"","site-post-title":"disabled","ast-breadcrumbs-content":"","ast-featured-img":"","footer-sml-layout":"","ast-disable-related-posts":"","theme-transparent-header-meta":"","adv-header-id-meta":"","stick-header-meta":"","header-above-stick-meta":"","header-main-stick-meta":"","header-below-stick-meta":"","astra-migrate-meta-layouts":"default","ast-page-background-enabled":"default","ast-page-background-meta":{"desktop":{"background-color":"var(--ast-global-color-5)","background-image":"","background-repeat":"repeat","background-position":"center center","background-size":"auto","background-attachment":"scroll","background-type":"","background-media":"","overlay-type":"","overlay-color":"","overlay-opacity":"","overlay-gradient":""},"tablet":{"background-color":"","background-image":"","background-repeat":"repeat","background-position":"center center","background-size":"auto","background-attachment":"scroll","background-type":"","background-media":"","overlay-type":"","overlay-color":"","overlay-opacity":"","overlay-gradient":""},"mobile":{"background-color":"","background-image":"","background-repeat":"repeat","background-position":"center center","background-size":"auto","background-attachment":"scroll","background-type":"","background-media":"","overlay-type":"","overlay-color":"","overlay-opacity":"","overlay-gradient":""}},"ast-content-background-meta":{"desktop":{"background-color":"var(--ast-global-color-4)","background-image":"","background-repeat":"repeat","background-position":"center center","background-size":"auto","background-attachment":"scroll","background-type":"","background-media":"","overlay-type":"","overlay-color":"","overlay-opacity":"","overlay-gradient":""},"tablet":{"background-color":"var(--ast-global-color-4)","background-image":"","background-repeat":"repeat","background-position":"center center","background-size":"auto","background-attachment":"scroll","background-type":"","background-media":"","overlay-type":"","overlay-color":"","overlay-opacity":"","overlay-gradient":""},"mobile":{"background-color":"var(--ast-global-color-4)","background-image":"","background-repeat":"repeat","background-position":"center center","background-size":"auto","background-attachment":"scroll","background-type":"","background-media":"","overlay-type":"","overlay-color":"","overlay-opacity":"","overlay-gradient":""}},"footnotes":""},"class_list":["post-2497","page","type-page","status-publish","hentry"],"uagb_featured_image_src":{"full":false,"thumbnail":false,"medium":false,"medium_large":false,"large":false,"1536x1536":false,"2048x2048":false},"uagb_author_info":{"display_name":"admin","author_link":"https:\/\/appliedrobotics.tech\/no\/author\/admin\/"},"uagb_comment_info":0,"uagb_excerpt":"Applied Robotics AS Salg &amp; industrielle prosjekter Ring oss (+47) 40.61.27.35 E-post sales@appliedrobotics.tech Teknisk st\u00f8tte &amp; vedlikehold Ring oss (+47) [&hellip;]","_links":{"self":[{"href":"https:\/\/appliedrobotics.tech\/no\/wp-json\/wp\/v2\/pages\/2497","targetHints":{"allow":["GET"]}}],"collection":[{"href":"https:\/\/appliedrobotics.tech\/no\/wp-json\/wp\/v2\/pages"}],"about":[{"href":"https:\/\/appliedrobotics.tech\/no\/wp-json\/wp\/v2\/types\/page"}],"author":[{"embeddable":true,"href":"https:\/\/appliedrobotics.tech\/no\/wp-json\/wp\/v2\/users\/2"}],"replies":[{"embeddable":true,"href":"https:\/\/appliedrobotics.tech\/no\/wp-json\/wp\/v2\/comments?post=2497"}],"version-history":[{"count":9,"href":"https:\/\/appliedrobotics.tech\/no\/wp-json\/wp\/v2\/pages\/2497\/revisions"}],"predecessor-version":[{"id":3207,"href":"https:\/\/appliedrobotics.tech\/no\/wp-json\/wp\/v2\/pages\/2497\/revisions\/3207"}],"wp:attachment":[{"href":"https:\/\/appliedrobotics.tech\/no\/wp-json\/wp\/v2\/media?parent=2497"}],"curies":[{"name":"wp","href":"https:\/\/api.w.org\/{rel}","templated":true}]}}